{"id":991040,"date":"2024-06-08T10:08:11","date_gmt":"2024-06-08T10:08:11","guid":{"rendered":"https:\/\/chateaudemaupas.com\/?page_id=991040"},"modified":"2024-08-01T10:58:40","modified_gmt":"2024-08-01T10:58:40","slug":"legal","status":"publish","type":"page","link":"https:\/\/chateaudemaupas.com\/en\/legal\/","title":{"rendered":"Legal"},"content":{"rendered":"<div data-elementor-type=\"wp-page\" data-elementor-id=\"991040\" class=\"elementor elementor-991040\" data-elementor-post-type=\"page\">\n\t\t\t\t<div class=\"elementor-element elementor-element-b7cdeff e-flex e-con-boxed e-con e-parent\" data-id=\"b7cdeff\" data-element_type=\"container\">\n\t\t\t\t\t<div class=\"e-con-inner\">\n\t\t\t\t\t<\/div>\n\t\t\t\t<\/div>\n\t\t<div class=\"elementor-element elementor-element-ef643ba e-flex e-con-boxed e-con e-parent\" data-id=\"ef643ba\" data-element_type=\"container\">\n\t\t\t\t\t<div class=\"e-con-inner\">\n\t\t\t\t<div class=\"elementor-element elementor-element-8c53ddf elementor-widget elementor-widget-text-editor\" data-id=\"8c53ddf\" data-element_type=\"widget\" data-widget_type=\"text-editor.default\">\n\t\t\t\t<div class=\"elementor-widget-container\">\n\t\t\t<style>\/*! elementor - v3.23.0 - 05-08-2024 *\/\n.elementor-widget-text-editor.elementor-drop-cap-view-stacked .elementor-drop-cap{background-color:#69727d;color:#fff}.elementor-widget-text-editor.elementor-drop-cap-view-framed .elementor-drop-cap{color:#69727d;border:3px solid;background-color:transparent}.elementor-widget-text-editor:not(.elementor-drop-cap-view-default) .elementor-drop-cap{margin-top:8px}.elementor-widget-text-editor:not(.elementor-drop-cap-view-default) .elementor-drop-cap-letter{width:1em;height:1em}.elementor-widget-text-editor .elementor-drop-cap{float:left;text-align:center;line-height:1;font-size:50px}.elementor-widget-text-editor .elementor-drop-cap-letter{display:inline-block}<\/style>\t\t\t\t<h2 style=\"text-align: center;\"><b>Legal Information<\/b><\/h2><p style=\"text-align: center;\"><i><span style=\"font-weight: 400;\">This Site is the exclusive property and is implemented by the company:<\/span><\/i><\/p><p style=\"text-align: center;\"><b>MACONDO<\/b><span style=\"font-weight: 400;\"><br \/><\/span><span style=\"font-weight: 400;\">SARL with a capital of 100 000 \u20ac<\/span><span style=\"font-weight: 400;\"><br \/><\/span><span style=\"font-weight: 400;\">Headquarters: Ch\u00e2teau de Maupas<\/span><span style=\"font-weight: 400;\"><br \/><\/span><span style=\"font-weight: 400;\">18220 MOROGUES<\/span><span style=\"font-weight: 400;\"><br \/><\/span><span style=\"font-weight: 400;\"><br \/><\/span><span style=\"font-weight: 400;\">RCS BOURGES 788 560 175<\/span><span style=\"font-weight: 400;\"><br \/><\/span><span style=\"font-weight: 400;\">SIRET 788 560 175 00036<\/span><span style=\"font-weight: 400;\"><br \/><\/span><span style=\"font-weight: 400;\">Code APE: 7990Z<\/span><span style=\"font-weight: 400;\"><br \/><\/span><span style=\"font-weight: 400;\">Phone: +33 2 48 64 41 71<\/span><span style=\"font-weight: 400;\"><br \/><\/span><span style=\"font-weight: 400;\">E-mail: <\/span><a href=\"mailto:contact@chateaudemaupas.fr\"><span style=\"font-weight: 400;\">contact@chateaudemaupas.fr<\/span><\/a><span style=\"font-weight: 400;\">\u00a0<\/span><\/p><p style=\"text-align: center;\"><b>Responsible for the publication:<\/b><span style=\"font-weight: 400;\"> Henri AGARD de MAUPAS, manager<\/span><span style=\"font-weight: 400;\"><br \/><\/span><b>Webmaster:<\/b><span style=\"font-weight: 400;\"> Henri AGARD de MAUPAS<br \/><br \/><\/span><\/p><p style=\"text-align: center;\"><strong>Host:<\/strong> HOSTINGER operations, UAB<br \/>\u0160vitrigailos str. 34, Vilnius 03230 Lithuania<\/p><p style=\"text-align: center;\"><strong>Phone:<\/strong> +37064503378<br \/><strong>E-mail:<\/strong> domains@hostinger.com<\/p><p style=\"text-align: center;\"><b><br \/>Credits :<\/b><\/p><p style=\"text-align: center;\"><span style=\"font-weight: 400;\"><strong>This page has been created and handled by<\/strong> <a href=\"https:\/\/oakcircle.id\/\">OakCircle.id<\/a><\/span><\/p><p style=\"text-align: center;\"><span style=\"font-weight: 400;\"><strong>All Credential Information:<\/strong> Ch\u00e2teau de Maupas<\/span><\/p><p style=\"text-align: center;\"><span style=\"font-weight: 400;\"><strong>Text :<\/strong> marquis de Maupas<\/span><\/p><p style=\"text-align: center;\"><span style=\"font-weight: 400;\"><strong>Photography :<\/strong> Arinta Desy Larasati<\/span><\/p><p style=\"text-align: center;\"><span style=\"font-weight: 400;\"><strong>3rd photo from \u201cThe Plate Collection\u201d :\u00a0<\/strong>\u00a9Christophe Renault, \u00c9ditions\u00a0Gisserot.<\/span><\/p><h3 style=\"text-align: center;\"><b><br \/>General conditions of use of the Website<\/b><\/h3><p style=\"text-align: center;\"><b>Liability<\/b><span style=\"font-weight: 400;\"> We accept no responsibility for any interruption of the Site, the occurrence of bugs, inaccuracies, omissions or typographical errors concerning information available on the Site, for any damage resulting from a fraudulent intrusion that has led to a modification of the information published on this Site and more generally, for any direct and indirect damage, whatever the causes, origins, natures or consequences, in particular loss of data, which may result from the use of our Site.<\/span><\/p><p style=\"text-align: center;\"><b>Links -<\/b><span style=\"font-weight: 400;\"> This site may contain links to other websites. Our Company cannot be held responsible for the content and consequences of the use of these sites. The use of any type of hypertext link and referencing to our Site is prohibited without the express written consent of us.<\/span><\/p><p style=\"text-align: center;\"><b>Cookies &#8211;<\/b><span style=\"font-weight: 400;\"> This Site uses cookies to make your visits more efficient and to improve browsing. They do not collect any data to identify you and do not record any information that may be used for unsolicited commercial prospecting purposes. If you choose to block cookies in your browser, some of the features will not be accessible and your browsing experience may be affected<\/span><\/p><p style=\"text-align: center;\"><b>Intellectual property rights -<\/b><span style=\"font-weight: 400;\"> The photographs, logos, graphics, drawings and in a general way all the visuals and sounds present on this Site are the property of the MACONDO Company, of Monsieur de MAUPAS or of its partners, the only holders of the rights of intellectual property protected by law. Their representation and reproduction in whole or in part, by any means whatsoever, is prohibited without the prior written authorization of our company and constitutes an infringement punishable by articles L 335-2 and following of the Code of Intellectual Property.<\/span><\/p><p style=\"text-align: center;\"><i><span style=\"font-weight: 400;\">\u00a9 SARL MACONDO<\/span><\/i><i><span style=\"font-weight: 400;\"> 2024<\/span><\/i><i><span style=\"font-weight: 400;\"> All rights reserved.<\/span><\/i><\/p>\t\t\t\t\t\t<\/div>\n\t\t\t\t<\/div>\n\t\t\t\t\t<\/div>\n\t\t\t\t<\/div>\n\t\t\t\t<\/div>","protected":false},"excerpt":{"rendered":"<p>Mentions l\u00e9gales Le pr\u00e9sent Site est la propri\u00e9t\u00e9 exclusive et est mis en \u0153uvre par la soci\u00e9t\u00e9: MACONDOSARL au capital de 100 000 \u20acSi\u00e8ge social: Ch\u00e2teau de Maupas18220 MOROGUES RCS BOURGES 788 560 175SIRET 788 560 175 00036Code APE: 7990ZT\u00e9l\u00e9phone: 02 48 64 41 71E-mail: contact@chateaudemaupas.fr\u00a0 Responsable de la publication: Henri AGARD de MAUPAS, g\u00e9rantWebmaster:&#8230;<\/p>","protected":false},"author":2,"featured_media":0,"parent":0,"menu_order":0,"comment_status":"closed","ping_status":"closed","template":"","meta":{"om_disable_all_campaigns":false,"_monsterinsights_skip_tracking":false,"_monsterinsights_sitenote_active":false,"_monsterinsights_sitenote_note":"","_monsterinsights_sitenote_category":0,"_uf_show_specific_survey":0,"_uf_disable_surveys":false,"footnotes":""},"class_list":["post-991040","page","type-page","status-publish","hentry"],"aioseo_notices":[],"jetpack_sharing_enabled":true,"_links":{"self":[{"href":"https:\/\/chateaudemaupas.com\/en\/wp-json\/wp\/v2\/pages\/991040","targetHints":{"allow":["GET"]}}],"collection":[{"href":"https:\/\/chateaudemaupas.com\/en\/wp-json\/wp\/v2\/pages"}],"about":[{"href":"https:\/\/chateaudemaupas.com\/en\/wp-json\/wp\/v2\/types\/page"}],"author":[{"embeddable":true,"href":"https:\/\/chateaudemaupas.com\/en\/wp-json\/wp\/v2\/users\/2"}],"replies":[{"embeddable":true,"href":"https:\/\/chateaudemaupas.com\/en\/wp-json\/wp\/v2\/comments?post=991040"}],"version-history":[{"count":14,"href":"https:\/\/chateaudemaupas.com\/en\/wp-json\/wp\/v2\/pages\/991040\/revisions"}],"predecessor-version":[{"id":992757,"href":"https:\/\/chateaudemaupas.com\/en\/wp-json\/wp\/v2\/pages\/991040\/revisions\/992757"}],"wp:attachment":[{"href":"https:\/\/chateaudemaupas.com\/en\/wp-json\/wp\/v2\/media?parent=991040"}],"curies":[{"name":"wp","href":"https:\/\/api.w.org\/{rel}","templated":true}]}}